{"id":952,"date":"2022-10-31T12:45:44","date_gmt":"2022-10-31T12:45:44","guid":{"rendered":"http:\/\/localhost:8888\/?page_id=952"},"modified":"2022-11-03T07:00:06","modified_gmt":"2022-11-03T07:00:06","slug":"meist","status":"publish","type":"page","link":"http:\/\/eventtents.ee\/en\/meist\/","title":{"rendered":"About Us"},"content":{"rendered":"<div data-elementor-type=\"wp-page\" data-elementor-id=\"952\" class=\"elementor elementor-952\">\n\t\t\t\t\t\t<section class=\"elementor-section elementor-top-section elementor-element elementor-element-wyxdi0v elementor-section-boxed elementor-section-height-default elementor-section-height-default\" data-id=\"wyxdi0v\" data-element_type=\"section\" data-e-type=\"section\" data-settings=\"{&quot;background_background&quot;:&quot;classic&quot;}\">\n\t\t\t\t\t\t<div class=\"elementor-container elementor-column-gap-default\">\n\t\t\t\t\t<div class=\"elementor-column elementor-col-100 elementor-top-column elementor-element elementor-element-6dba447 elementor-invisible\" data-id=\"6dba447\" data-element_type=\"column\" data-e-type=\"column\" data-settings=\"{&quot;background_background&quot;:&quot;classic&quot;,&quot;animation&quot;:&quot;fadeIn&quot;,&quot;animation_delay&quot;:200}\">\n\t\t\t<div class=\"elementor-widget-wrap elementor-element-populated\">\n\t\t\t\t\t\t<div class=\"elementor-element elementor-element-2c67c92 elementor-widget elementor-widget-image\" data-id=\"2c67c92\" data-element_type=\"widget\" data-e-type=\"widget\" data-widget_type=\"image.default\">\n\t\t\t\t<div class=\"elementor-widget-container\">\n\t\t\t\t\t\t\t\t\t\t\t\t\t\t\t<img fetchpriority=\"high\" decoding=\"async\" width=\"4096\" height=\"1634\" src=\"http:\/\/eventtents.ee\/wp-content\/uploads\/2022\/11\/ba\u0308ndipilt-min.png\" class=\"elementor-animation-float attachment-full size-full wp-image-1046\" alt=\"\" srcset=\"http:\/\/eventtents.ee\/wp-content\/uploads\/2022\/11\/ba\u0308ndipilt-min.png 4096w, http:\/\/eventtents.ee\/wp-content\/uploads\/2022\/11\/ba\u0308ndipilt-min-300x120.png 300w, http:\/\/eventtents.ee\/wp-content\/uploads\/2022\/11\/ba\u0308ndipilt-min-1024x409.png 1024w, http:\/\/eventtents.ee\/wp-content\/uploads\/2022\/11\/ba\u0308ndipilt-min-768x306.png 768w, http:\/\/eventtents.ee\/wp-content\/uploads\/2022\/11\/ba\u0308ndipilt-min-1536x613.png 1536w, http:\/\/eventtents.ee\/wp-content\/uploads\/2022\/11\/ba\u0308ndipilt-min-2048x817.png 2048w\" sizes=\"(max-width: 4096px) 100vw, 4096px\" \/>\t\t\t\t\t\t\t\t\t\t\t\t\t\t\t<\/div>\n\t\t\t\t<\/div>\n\t\t\t\t\t<\/div>\n\t\t<\/div>\n\t\t\t\t\t<\/div>\n\t\t<\/section>\n\t\t\t\t<section class=\"elementor-section elementor-top-section elementor-element elementor-element-hd22p4d elementor-section-boxed elementor-section-height-default elementor-section-height-default\" data-id=\"hd22p4d\" data-element_type=\"section\" data-e-type=\"section\" data-settings=\"{&quot;background_background&quot;:&quot;classic&quot;}\">\n\t\t\t\t\t\t<div class=\"elementor-container elementor-column-gap-default\">\n\t\t\t\t\t<div class=\"elementor-column elementor-col-100 elementor-top-column elementor-element elementor-element-a5164b7 elementor-invisible\" data-id=\"a5164b7\" data-element_type=\"column\" data-e-type=\"column\" data-settings=\"{&quot;animation&quot;:&quot;fadeInUp&quot;,&quot;animation_delay&quot;:200}\">\n\t\t\t<div class=\"elementor-widget-wrap elementor-element-populated\">\n\t\t\t\t\t\t<div class=\"elementor-element elementor-element-92d2ff8 elementor-widget elementor-widget-heading\" data-id=\"92d2ff8\" data-element_type=\"widget\" data-e-type=\"widget\" data-widget_type=\"heading.default\">\n\t\t\t\t<div class=\"elementor-widget-container\">\n\t\t\t\t\t<h6 class=\"elementor-heading-title elementor-size-default\">About Us<\/h6>\t\t\t\t<\/div>\n\t\t\t\t<\/div>\n\t\t\t\t<div class=\"elementor-element elementor-element-916f03e elementor-widget elementor-widget-icon-box\" data-id=\"916f03e\" data-element_type=\"widget\" data-e-type=\"widget\" data-widget_type=\"icon-box.default\">\n\t\t\t\t<div class=\"elementor-widget-container\">\n\t\t\t\t\t\t\t<div class=\"elementor-icon-box-wrapper\">\n\n\t\t\t\n\t\t\t\t\t\t<div class=\"elementor-icon-box-content\">\n\n\t\t\t\t\t\t\t\t\t<h2 class=\"elementor-icon-box-title\">\n\t\t\t\t\t\t<span  >\n\t\t\t\t\t\t\tProfessionals in their field\t\t\t\t\t\t<\/span>\n\t\t\t\t\t<\/h2>\n\t\t\t\t\n\t\t\t\t\t\t\t\t\t<p class=\"elementor-icon-box-description\">\n\t\t\t\t\t\tWe are specialised onto installation and rent of profiletents and eventtents. Beginning already  from 1998. Huge experience and know-how of particular field are giving our clients the sense of security. Our benefits are the quickness and correctness. With our team  we have installed tents in Estonia, Latvia, Lithuania, Finland, Sweden and Norway. In our work we use the tents of well known event tent brands like Eschenbach, Veldeman, R\u00f6der and many others. The great events (concerts, festivals, sport events etc) are our specialty. Fast team collection, always the highest quality and flexibility in pricing have made us valuable partners for may resepected companies.\t\t\t\t\t<\/p>\n\t\t\t\t\n\t\t\t<\/div>\n\t\t\t\n\t\t<\/div>\n\t\t\t\t\t\t<\/div>\n\t\t\t\t<\/div>\n\t\t\t\t\t<\/div>\n\t\t<\/div>\n\t\t\t\t\t<\/div>\n\t\t<\/section>\n\t\t\t\t<section class=\"elementor-section elementor-top-section elementor-element elementor-element-nf055so elementor-section-boxed elementor-section-height-default elementor-section-height-default\" data-id=\"nf055so\" data-element_type=\"section\" data-e-type=\"section\" data-settings=\"{&quot;background_background&quot;:&quot;classic&quot;}\">\n\t\t\t\t\t\t<div class=\"elementor-container elementor-column-gap-no\">\n\t\t\t\t\t<div class=\"elementor-column elementor-col-100 elementor-top-column elementor-element elementor-element-fe4e252\" data-id=\"fe4e252\" data-element_type=\"column\" data-e-type=\"column\">\n\t\t\t<div class=\"elementor-widget-wrap elementor-element-populated\">\n\t\t\t\t\t\t<div class=\"elementor-element elementor-element-4d11309 elementor-widget elementor-widget-heading\" data-id=\"4d11309\" data-element_type=\"widget\" data-e-type=\"widget\" data-widget_type=\"heading.default\">\n\t\t\t\t<div class=\"elementor-widget-container\">\n\t\t\t\t\t<h6 class=\"elementor-heading-title elementor-size-default\">We work with the best<\/h6>\t\t\t\t<\/div>\n\t\t\t\t<\/div>\n\t\t\t\t<div class=\"elementor-element elementor-element-5052922 elementor-widget elementor-widget-heading\" data-id=\"5052922\" data-element_type=\"widget\" data-e-type=\"widget\" data-widget_type=\"heading.default\">\n\t\t\t\t<div class=\"elementor-widget-container\">\n\t\t\t\t\t<h2 class=\"elementor-heading-title elementor-size-default\">Our partners<\/h2>\t\t\t\t<\/div>\n\t\t\t\t<\/div>\n\t\t\t\t<section class=\"elementor-section elementor-inner-section elementor-element elementor-element-7ad8efa elementor-section-boxed elementor-section-height-default elementor-section-height-default\" data-id=\"7ad8efa\" data-element_type=\"section\" data-e-type=\"section\">\n\t\t\t\t\t\t<div class=\"elementor-container elementor-column-gap-no\">\n\t\t\t\t\t<div class=\"elementor-column elementor-col-33 elementor-inner-column elementor-element elementor-element-c7fbedd elementor-invisible\" data-id=\"c7fbedd\" data-element_type=\"column\" data-e-type=\"column\" data-settings=\"{&quot;animation&quot;:&quot;fadeIn&quot;,&quot;animation_delay&quot;:400}\">\n\t\t\t<div class=\"elementor-widget-wrap elementor-element-populated\">\n\t\t\t\t\t\t<div class=\"elementor-element elementor-element-47717b5 elementor-widget elementor-widget-image\" data-id=\"47717b5\" data-element_type=\"widget\" data-e-type=\"widget\" data-widget_type=\"image.default\">\n\t\t\t\t<div class=\"elementor-widget-container\">\n\t\t\t\t\t\t\t\t\t\t\t\t\t\t\t\t<a href=\"https:\/\/veldemangroup.com\/\">\n\t\t\t\t\t\t\t<img decoding=\"async\" width=\"392\" height=\"217\" src=\"http:\/\/eventtents.ee\/wp-content\/uploads\/2022\/11\/veldemann.png\" class=\"attachment-full size-full wp-image-1425\" alt=\"\" srcset=\"http:\/\/eventtents.ee\/wp-content\/uploads\/2022\/11\/veldemann.png 392w, http:\/\/eventtents.ee\/wp-content\/uploads\/2022\/11\/veldemann-300x166.png 300w\" sizes=\"(max-width: 392px) 100vw, 392px\" \/>\t\t\t\t\t\t\t\t<\/a>\n\t\t\t\t\t\t\t\t\t\t\t\t\t\t\t<\/div>\n\t\t\t\t<\/div>\n\t\t\t\t\t<\/div>\n\t\t<\/div>\n\t\t\t\t<div class=\"elementor-column elementor-col-33 elementor-inner-column elementor-element elementor-element-31d4df1 elementor-invisible\" data-id=\"31d4df1\" data-element_type=\"column\" data-e-type=\"column\" data-settings=\"{&quot;animation&quot;:&quot;fadeIn&quot;,&quot;animation_delay&quot;:400}\">\n\t\t\t<div class=\"elementor-widget-wrap elementor-element-populated\">\n\t\t\t\t\t\t<div class=\"elementor-element elementor-element-11f33ea elementor-widget elementor-widget-image\" data-id=\"11f33ea\" data-element_type=\"widget\" data-e-type=\"widget\" data-widget_type=\"image.default\">\n\t\t\t\t<div class=\"elementor-widget-container\">\n\t\t\t\t\t\t\t\t\t\t\t\t\t\t\t\t<a href=\"https:\/\/www.obwiik.com\/\">\n\t\t\t\t\t\t\t<img decoding=\"async\" width=\"455\" height=\"214\" src=\"http:\/\/eventtents.ee\/wp-content\/uploads\/2022\/11\/oblogo.png\" class=\"attachment-large size-large wp-image-1424\" alt=\"\" srcset=\"http:\/\/eventtents.ee\/wp-content\/uploads\/2022\/11\/oblogo.png 455w, http:\/\/eventtents.ee\/wp-content\/uploads\/2022\/11\/oblogo-300x141.png 300w\" sizes=\"(max-width: 455px) 100vw, 455px\" \/>\t\t\t\t\t\t\t\t<\/a>\n\t\t\t\t\t\t\t\t\t\t\t\t\t\t\t<\/div>\n\t\t\t\t<\/div>\n\t\t\t\t\t<\/div>\n\t\t<\/div>\n\t\t\t\t<div class=\"elementor-column elementor-col-33 elementor-inner-column elementor-element elementor-element-a6c3280 elementor-invisible\" data-id=\"a6c3280\" data-element_type=\"column\" data-e-type=\"column\" data-settings=\"{&quot;animation&quot;:&quot;fadeIn&quot;,&quot;animation_delay&quot;:500}\">\n\t\t\t<div class=\"elementor-widget-wrap elementor-element-populated\">\n\t\t\t\t\t\t<div class=\"elementor-element elementor-element-a51270f elementor-widget elementor-widget-image\" data-id=\"a51270f\" data-element_type=\"widget\" data-e-type=\"widget\" data-widget_type=\"image.default\">\n\t\t\t\t<div class=\"elementor-widget-container\">\n\t\t\t\t\t\t\t\t\t\t\t\t\t\t\t\t<a href=\"http:\/\/www.havencrown.co.uk\/\">\n\t\t\t\t\t\t\t<img loading=\"lazy\" decoding=\"async\" width=\"437\" height=\"244\" src=\"http:\/\/eventtents.ee\/wp-content\/uploads\/2022\/11\/havencrown-logo-1.png\" class=\"attachment-large size-large wp-image-1423\" alt=\"\" srcset=\"http:\/\/eventtents.ee\/wp-content\/uploads\/2022\/11\/havencrown-logo-1.png 437w, http:\/\/eventtents.ee\/wp-content\/uploads\/2022\/11\/havencrown-logo-1-300x168.png 300w\" sizes=\"(max-width: 437px) 100vw, 437px\" \/>\t\t\t\t\t\t\t\t<\/a>\n\t\t\t\t\t\t\t\t\t\t\t\t\t\t\t<\/div>\n\t\t\t\t<\/div>\n\t\t\t\t\t<\/div>\n\t\t<\/div>\n\t\t\t\t\t<\/div>\n\t\t<\/section>\n\t\t\t\t\t<\/div>\n\t\t<\/div>\n\t\t\t\t\t<\/div>\n\t\t<\/section>\n\t\t\t\t<\/div>","protected":false},"excerpt":{"rendered":"<p>Meie ettev\u00f5ttest Oma valdkonna professionaalid Oleme spetsialiseerunud profiiltelkide paigaldusele ja rendile. Seda juba 1998.aastast. Suur kogemus ning teadmised antud valdkonnast annavad meie klientidele kindlustunde. Meie eeliseks t\u00f6\u00f6 kiirus ja korrektsus. Oleme oma meeskonnaga erinevatele suur\u00fcritustele paigaldanud telke Eestis, L\u00e4tis, Leedus, Soomes, Rootsis, Norras. Kasutame oma t\u00f6\u00f6s maailmas tuntud telgibr\u00e4ndide toodangut (Eschenbach, R\u00f6der, Veldeman). Just erinevad [&hellip;]<\/p>\n","protected":false},"author":1,"featured_media":0,"parent":0,"menu_order":0,"comment_status":"closed","ping_status":"closed","template":"","meta":{"site-sidebar-layout":"no-sidebar","site-content-layout":"page-builder","ast-site-content-layout":"default","site-content-style":"default","site-sidebar-style":"default","ast-global-header-display":"","ast-banner-title-visibility":"","ast-main-header-display":"","ast-hfb-above-header-display":"","ast-hfb-below-header-display":"","ast-hfb-mobile-header-display":"","site-post-title":"disabled","ast-breadcrumbs-content":"","ast-featured-img":"disabled","footer-sml-layout":"","ast-disable-related-posts":"","theme-transparent-header-meta":"","adv-header-id-meta":"","stick-header-meta":"","header-above-stick-meta":"","header-main-stick-meta":"","header-below-stick-meta":"","astra-migrate-meta-layouts":"default","ast-page-background-enabled":"default","ast-page-background-meta":{"desktop":{"background-color":"","background-image":"","background-repeat":"repeat","background-position":"center center","background-size":"auto","background-attachment":"scroll","background-type":"","background-media":"","overlay-type":"","overlay-color":"","overlay-opacity":"","overlay-gradient":""},"tablet":{"background-color":"","background-image":"","background-repeat":"repeat","background-position":"center center","background-size":"auto","background-attachment":"scroll","background-type":"","background-media":"","overlay-type":"","overlay-color":"","overlay-opacity":"","overlay-gradient":""},"mobile":{"background-color":"","background-image":"","background-repeat":"repeat","background-position":"center center","background-size":"auto","background-attachment":"scroll","background-type":"","background-media":"","overlay-type":"","overlay-color":"","overlay-opacity":"","overlay-gradient":""}},"ast-content-background-meta":{"desktop":{"background-color":"var(--ast-global-color-5)","background-image":"","background-repeat":"repeat","background-position":"center center","background-size":"auto","background-attachment":"scroll","background-type":"","background-media":"","overlay-type":"","overlay-color":"","overlay-opacity":"","overlay-gradient":""},"tablet":{"background-color":"var(--ast-global-color-5)","background-image":"","background-repeat":"repeat","background-position":"center center","background-size":"auto","background-attachment":"scroll","background-type":"","background-media":"","overlay-type":"","overlay-color":"","overlay-opacity":"","overlay-gradient":""},"mobile":{"background-color":"var(--ast-global-color-5)","background-image":"","background-repeat":"repeat","background-position":"center center","background-size":"auto","background-attachment":"scroll","background-type":"","background-media":"","overlay-type":"","overlay-color":"","overlay-opacity":"","overlay-gradient":""}},"footnotes":""},"class_list":["post-952","page","type-page","status-publish","hentry"],"_links":{"self":[{"href":"http:\/\/eventtents.ee\/en\/wp-json\/wp\/v2\/pages\/952","targetHints":{"allow":["GET"]}}],"collection":[{"href":"http:\/\/eventtents.ee\/en\/wp-json\/wp\/v2\/pages"}],"about":[{"href":"http:\/\/eventtents.ee\/en\/wp-json\/wp\/v2\/types\/page"}],"author":[{"embeddable":true,"href":"http:\/\/eventtents.ee\/en\/wp-json\/wp\/v2\/users\/1"}],"replies":[{"embeddable":true,"href":"http:\/\/eventtents.ee\/en\/wp-json\/wp\/v2\/comments?post=952"}],"version-history":[{"count":37,"href":"http:\/\/eventtents.ee\/en\/wp-json\/wp\/v2\/pages\/952\/revisions"}],"predecessor-version":[{"id":1640,"href":"http:\/\/eventtents.ee\/en\/wp-json\/wp\/v2\/pages\/952\/revisions\/1640"}],"wp:attachment":[{"href":"http:\/\/eventtents.ee\/en\/wp-json\/wp\/v2\/media?parent=952"}],"curies":[{"name":"wp","href":"https:\/\/api.w.org\/{rel}","templated":true}]}}